{"id":56,"date":"2023-06-09T14:32:08","date_gmt":"2023-06-09T14:32:08","guid":{"rendered":"http:\/\/meim.digilab.uniroma1.it\/?page_id=56"},"modified":"2024-11-27T10:54:51","modified_gmt":"2024-11-27T10:54:51","slug":"collaborazioni","status":"publish","type":"page","link":"https:\/\/meim.digilab.uniroma1.it\/es\/collaborazioni\/","title":{"rendered":"Colaboraciones"},"content":{"rendered":"<div data-elementor-type=\"wp-page\" data-elementor-id=\"56\" class=\"elementor elementor-56\">\n\t\t\t\t<div class=\"elementor-element elementor-element-b104723 e-flex e-con-boxed e-con e-parent\" data-id=\"b104723\" data-element_type=\"container\" data-settings=\"{&quot;background_background&quot;:&quot;classic&quot;}\">\n\t\t\t\t\t<div class=\"e-con-inner\">\n\t\t<div class=\"elementor-element elementor-element-4ea382c e-con-full e-flex e-con e-child\" data-id=\"4ea382c\" data-element_type=\"container\">\n\t\t<div class=\"elementor-element elementor-element-a73fe6b e-con-full e-flex e-con e-child\" data-id=\"a73fe6b\" data-element_type=\"container\">\n\t\t<div class=\"elementor-element elementor-element-a537889 e-con-full e-flex e-con e-child\" data-id=\"a537889\" data-element_type=\"container\">\n\t\t\t\t<div class=\"elementor-element elementor-element-b84fd2e elementor-invisible elementor-widget elementor-widget-heading\" data-id=\"b84fd2e\" data-element_type=\"widget\" data-settings=\"{&quot;_animation&quot;:&quot;fadeIn&quot;,&quot;_animation_delay&quot;:&quot;50&quot;}\" data-widget_type=\"heading.default\">\n\t\t\t\t<div class=\"elementor-widget-container\">\n\t\t\t<h2 class=\"elementor-heading-title elementor-size-default\">Colaboraciones<\/h2>\t\t<\/div>\n\t\t\t\t<\/div>\n\t\t\t\t<\/div>\n\t\t\t\t<\/div>\n\t\t<div class=\"elementor-element elementor-element-44a9136 e-con-full e-flex e-con e-child\" data-id=\"44a9136\" data-element_type=\"container\">\n\t\t<div class=\"elementor-element elementor-element-9428893 e-con-full e-flex e-con e-child\" data-id=\"9428893\" data-element_type=\"container\">\n\t\t\t\t<div class=\"elementor-element elementor-element-90616d6 elementor-widget elementor-widget-image-box\" data-id=\"90616d6\" data-element_type=\"widget\" data-widget_type=\"image-box.default\">\n\t\t\t\t<div class=\"elementor-widget-container\">\n\t\t\t<div class=\"elementor-image-box-wrapper\"><div class=\"elementor-image-box-content\"><h3 class=\"elementor-image-box-title\"><a href=\"https:\/\/embamex.sre.gob.mx\/italia\/index.php\/\">Ambasciata del Messico in Italia<\/a><\/h3><\/div><\/div>\t\t<\/div>\n\t\t\t\t<\/div>\n\t\t\t\t<\/div>\n\t\t<div class=\"elementor-element elementor-element-284609f e-con-full e-flex e-con e-child\" data-id=\"284609f\" data-element_type=\"container\">\n\t\t\t\t<div class=\"elementor-element elementor-element-413925f elementor-widget elementor-widget-image-box\" data-id=\"413925f\" data-element_type=\"widget\" data-widget_type=\"image-box.default\">\n\t\t\t\t<div class=\"elementor-widget-container\">\n\t\t\t<div class=\"elementor-image-box-wrapper\"><div class=\"elementor-image-box-content\"><h3 class=\"elementor-image-box-title\"><a href=\"https:\/\/ambcittadelmessico.esteri.it\/\">Ambasciata d\u2019Italia in Messico<\/a><\/h3><\/div><\/div>\t\t<\/div>\n\t\t\t\t<\/div>\n\t\t\t\t<\/div>\n\t\t\t\t<\/div>\n\t\t<div class=\"elementor-element elementor-element-f3e749a e-con-full e-flex e-con e-child\" data-id=\"f3e749a\" data-element_type=\"container\">\n\t\t<div class=\"elementor-element elementor-element-a0d1f80 e-con-full e-flex e-con e-child\" data-id=\"a0d1f80\" data-element_type=\"container\">\n\t\t\t\t<div class=\"elementor-element elementor-element-c1a4711 elementor-widget elementor-widget-image-box\" data-id=\"c1a4711\" data-element_type=\"widget\" data-widget_type=\"image-box.default\">\n\t\t\t\t<div class=\"elementor-widget-container\">\n\t\t\t<div class=\"elementor-image-box-wrapper\"><div class=\"elementor-image-box-content\"><h3 class=\"elementor-image-box-title\"><a href=\"https:\/\/www.inah.gob.mx\/\">\u2800Instituto Nacional de Antropolog\u00eda e Historia\u2800<\/a><\/h3><\/div><\/div>\t\t<\/div>\n\t\t\t\t<\/div>\n\t\t\t\t<\/div>\n\t\t<div class=\"elementor-element elementor-element-6549966 e-con-full e-flex e-con e-child\" data-id=\"6549966\" data-element_type=\"container\">\n\t\t\t\t<div class=\"elementor-element elementor-element-9e280b3 elementor-widget elementor-widget-image-box\" data-id=\"9e280b3\" data-element_type=\"widget\" data-widget_type=\"image-box.default\">\n\t\t\t\t<div class=\"elementor-widget-container\">\n\t\t\t<div class=\"elementor-image-box-wrapper\"><div class=\"elementor-image-box-content\"><h3 class=\"elementor-image-box-title\"><a href=\"https:\/\/iicmessico.esteri.it\/iic_messico\/it\/\">Istituto Italiano di Cultura - Citt\u00e0 del Messico<\/a><\/h3><\/div><\/div>\t\t<\/div>\n\t\t\t\t<\/div>\n\t\t\t\t<\/div>\n\t\t\t\t<\/div>\n\t\t<div class=\"elementor-element elementor-element-c945117 e-con-full e-flex e-con e-child\" data-id=\"c945117\" data-element_type=\"container\">\n\t\t<div class=\"elementor-element elementor-element-a3ae1af e-con-full e-flex e-con e-child\" data-id=\"a3ae1af\" data-element_type=\"container\">\n\t\t\t\t<div class=\"elementor-element elementor-element-3ca76af elementor-widget elementor-widget-image-box\" data-id=\"3ca76af\" data-element_type=\"widget\" data-widget_type=\"image-box.default\">\n\t\t\t\t<div class=\"elementor-widget-container\">\n\t\t\t<div class=\"elementor-image-box-wrapper\"><div class=\"elementor-image-box-content\"><h3 class=\"elementor-image-box-title\"><a href=\"https:\/\/museocivilta.cultura.gov.it\/\">Museo delle Civilt\u00e0<\/a><\/h3><\/div><\/div>\t\t<\/div>\n\t\t\t\t<\/div>\n\t\t\t\t<\/div>\n\t\t<div class=\"elementor-element elementor-element-ec53530 e-con-full e-flex e-con e-child\" data-id=\"ec53530\" data-element_type=\"container\">\n\t\t\t\t<div class=\"elementor-element elementor-element-ea3e641 elementor-widget elementor-widget-image-box\" data-id=\"ea3e641\" data-element_type=\"widget\" data-widget_type=\"image-box.default\">\n\t\t\t\t<div class=\"elementor-widget-container\">\n\t\t\t<div class=\"elementor-image-box-wrapper\"><div class=\"elementor-image-box-content\"><h3 class=\"elementor-image-box-title\"><a href=\"https:\/\/www.mna.inah.gob.mx\/\">Museo Nacional de Antropolog\u00eda - Citt\u00e0 del Messico<\/a><\/h3><\/div><\/div>\t\t<\/div>\n\t\t\t\t<\/div>\n\t\t\t\t<\/div>\n\t\t\t\t<\/div>\n\t\t<div class=\"elementor-element elementor-element-d4c0d2a e-con-full e-flex e-con e-child\" data-id=\"d4c0d2a\" data-element_type=\"container\">\n\t\t<div class=\"elementor-element elementor-element-f4a7d6f e-con-full e-flex e-con e-child\" data-id=\"f4a7d6f\" data-element_type=\"container\">\n\t\t\t\t<div class=\"elementor-element elementor-element-0cb438c elementor-widget elementor-widget-image-box\" data-id=\"0cb438c\" data-element_type=\"widget\" data-widget_type=\"image-box.default\">\n\t\t\t\t<div class=\"elementor-widget-container\">\n\t\t\t<div class=\"elementor-image-box-wrapper\"><div class=\"elementor-image-box-content\"><h3 class=\"elementor-image-box-title\"><a href=\"https:\/\/www.ehess.fr\/fr\">\u00c9cole des hautes \u00e9tudes en sciences sociales (EHESS) - Parigi<\/a><\/h3><\/div><\/div>\t\t<\/div>\n\t\t\t\t<\/div>\n\t\t\t\t<\/div>\n\t\t<div class=\"elementor-element elementor-element-3b33f6d e-con-full e-flex e-con e-child\" data-id=\"3b33f6d\" data-element_type=\"container\">\n\t\t\t\t<div class=\"elementor-element elementor-element-aeac44c elementor-widget elementor-widget-image-box\" data-id=\"aeac44c\" data-element_type=\"widget\" data-widget_type=\"image-box.default\">\n\t\t\t\t<div class=\"elementor-widget-container\">\n\t\t\t<div class=\"elementor-image-box-wrapper\"><div class=\"elementor-image-box-content\"><h3 class=\"elementor-image-box-title\"><a href=\"https:\/\/lesc-cnrs.fr\/fr\/laboratoire\/lesc-erea\">Laboratoire d\u2019ethnologie et de sociologie comparative (LESC), Universit\u00e9 de Paris Nanterre<\/a><\/h3><\/div><\/div>\t\t<\/div>\n\t\t\t\t<\/div>\n\t\t\t\t<\/div>\n\t\t\t\t<\/div>\n\t\t<div class=\"elementor-element elementor-element-7cc210e e-con-full e-flex e-con e-child\" data-id=\"7cc210e\" data-element_type=\"container\">\n\t\t<div class=\"elementor-element elementor-element-16cf12f e-con-full e-flex e-con e-child\" data-id=\"16cf12f\" data-element_type=\"container\">\n\t\t\t\t<div class=\"elementor-element elementor-element-f954e32 elementor-widget elementor-widget-image-box\" data-id=\"f954e32\" data-element_type=\"widget\" data-widget_type=\"image-box.default\">\n\t\t\t\t<div class=\"elementor-widget-container\">\n\t\t\t<div class=\"elementor-image-box-wrapper\"><div class=\"elementor-image-box-content\"><h3 class=\"elementor-image-box-title\">Instituto de Investigaciones Antropol\u00f3gicas, Universidad Nacional Aut\u00f3noma de M\u00e9xico<\/h3><\/div><\/div>\t\t<\/div>\n\t\t\t\t<\/div>\n\t\t\t\t<\/div>\n\t\t<div class=\"elementor-element elementor-element-d1a62a7 e-con-full e-flex e-con e-child\" data-id=\"d1a62a7\" data-element_type=\"container\">\n\t\t\t\t<div class=\"elementor-element elementor-element-ca29a5c elementor-widget elementor-widget-image-box\" data-id=\"ca29a5c\" data-element_type=\"widget\" data-widget_type=\"image-box.default\">\n\t\t\t\t<div class=\"elementor-widget-container\">\n\t\t\t<div class=\"elementor-image-box-wrapper\"><div class=\"elementor-image-box-content\"><h3 class=\"elementor-image-box-title\">Universidad Veracruzana, Xalapa<\/h3><\/div><\/div>\t\t<\/div>\n\t\t\t\t<\/div>\n\t\t\t\t<\/div>\n\t\t\t\t<\/div>\n\t\t<div class=\"elementor-element elementor-element-a60b209 e-con-full e-flex e-con e-child\" data-id=\"a60b209\" data-element_type=\"container\">\n\t\t<div class=\"elementor-element elementor-element-68dc66a e-con-full e-flex e-con e-child\" data-id=\"68dc66a\" data-element_type=\"container\">\n\t\t\t\t<div class=\"elementor-element elementor-element-b9ff14e elementor-widget elementor-widget-image-box\" data-id=\"b9ff14e\" data-element_type=\"widget\" data-widget_type=\"image-box.default\">\n\t\t\t\t<div class=\"elementor-widget-container\">\n\t\t\t<div class=\"elementor-image-box-wrapper\"><div class=\"elementor-image-box-content\"><h3 class=\"elementor-image-box-title\">Centro de Investigaciones y Estudios Superiores en Antropolog\u00eda Social (Ciudad de M\u00e9xico, Jalapa, Oaxaca)<\/h3><\/div><\/div>\t\t<\/div>\n\t\t\t\t<\/div>\n\t\t\t\t<\/div>\n\t\t<div class=\"elementor-element elementor-element-8f8772b e-con-full e-flex e-con e-child\" data-id=\"8f8772b\" data-element_type=\"container\">\n\t\t\t\t<div class=\"elementor-element elementor-element-d13eddc elementor-widget elementor-widget-image-box\" data-id=\"d13eddc\" data-element_type=\"widget\" data-widget_type=\"image-box.default\">\n\t\t\t\t<div class=\"elementor-widget-container\">\n\t\t\t<div class=\"elementor-image-box-wrapper\"><div class=\"elementor-image-box-content\"><h3 class=\"elementor-image-box-title\">Preescolar biling\u00fce Vicente Guerrero, San Mateo del Mar (Oax.)<\/h3><\/div><\/div>\t\t<\/div>\n\t\t\t\t<\/div>\n\t\t\t\t<\/div>\n\t\t\t\t<\/div>\n\t\t<div class=\"elementor-element elementor-element-c6fee37 e-con-full e-flex e-con e-child\" data-id=\"c6fee37\" data-element_type=\"container\">\n\t\t<div class=\"elementor-element elementor-element-9bb57f4 e-con-full e-flex e-con e-child\" data-id=\"9bb57f4\" data-element_type=\"container\">\n\t\t\t\t<div class=\"elementor-element elementor-element-462faa3 elementor-widget elementor-widget-image-box\" data-id=\"462faa3\" data-element_type=\"widget\" data-widget_type=\"image-box.default\">\n\t\t\t\t<div class=\"elementor-widget-container\">\n\t\t\t<div class=\"elementor-image-box-wrapper\"><div class=\"elementor-image-box-content\"><h3 class=\"elementor-image-box-title\">Bachillerato Comunitario Ikoots, San Mateo del Mar (Oax.)<\/h3><\/div><\/div>\t\t<\/div>\n\t\t\t\t<\/div>\n\t\t\t\t<\/div>\n\t\t<div class=\"elementor-element elementor-element-6e28cf6 e-con-full e-flex e-con e-child\" data-id=\"6e28cf6\" data-element_type=\"container\">\n\t\t\t\t<div class=\"elementor-element elementor-element-6b3dd68 elementor-widget elementor-widget-image-box\" data-id=\"6b3dd68\" data-element_type=\"widget\" data-widget_type=\"image-box.default\">\n\t\t\t\t<div class=\"elementor-widget-container\">\n\t\t\t<div class=\"elementor-image-box-wrapper\"><div class=\"elementor-image-box-content\"><h3 class=\"elementor-image-box-title\">Escuela primaria biling\u00fce Tosepan Kalnemachtiloyan, Cuetzalan (Pue.)<\/h3><\/div><\/div>\t\t<\/div>\n\t\t\t\t<\/div>\n\t\t\t\t<\/div>\n\t\t\t\t<\/div>\n\t\t\t\t<\/div>\n\t\t\t\t\t<\/div>\n\t\t\t\t<\/div>\n\t\t\t\t<\/div>","protected":false},"excerpt":{"rendered":"<p>Collaborazioni Ambasciata del Messico in Italia Ambasciata d\u2019Italia in Messico Instituto Nacional de Antropolog\u00eda e Historia Istituto Italiano di Cultura &#8211; Citt\u00e0 del Messico Museo delle Civilt\u00e0 Museo Nacional de [&hellip;]<\/p>","protected":false},"author":2,"featured_media":0,"parent":0,"menu_order":0,"comment_status":"closed","ping_status":"closed","template":"","meta":{"_EventAllDay":false,"_EventTimezone":"","_EventStartDate":"","_EventEndDate":"","_EventStartDateUTC":"","_EventEndDateUTC":"","_EventShowMap":false,"_EventShowMapLink":false,"_EventURL":"","_EventCost":"","_EventCostDescription":"","_EventCurrencySymbol":"","_EventCurrencyCode":"","_EventCurrencyPosition":"","_EventDateTimeSeparator":"","_EventTimeRangeSeparator":"","_EventOrganizerID":[],"_EventVenueID":[],"_OrganizerEmail":"","_OrganizerPhone":"","_OrganizerWebsite":"","_VenueAddress":"","_VenueCity":"","_VenueCountry":"","_VenueProvince":"","_VenueState":"","_VenueZip":"","_VenuePhone":"","_VenueURL":"","_VenueStateProvince":"","_VenueLat":"","_VenueLng":"","_VenueShowMap":false,"_VenueShowMapLink":false,"ocean_post_layout":"full-screen","ocean_both_sidebars_style":"","ocean_both_sidebars_content_width":0,"ocean_both_sidebars_sidebars_width":0,"ocean_sidebar":"0","ocean_second_sidebar":"0","ocean_disable_margins":"enable","ocean_add_body_class":"","ocean_shortcode_before_top_bar":"","ocean_shortcode_after_top_bar":"","ocean_shortcode_before_header":"","ocean_shortcode_after_header":"","ocean_has_shortcode":"","ocean_shortcode_after_title":"","ocean_shortcode_before_footer_widgets":"","ocean_shortcode_after_footer_widgets":"","ocean_shortcode_before_footer_bottom":"","ocean_shortcode_after_footer_bottom":"","ocean_display_top_bar":"off","ocean_display_header":"default","ocean_header_style":"","ocean_center_header_left_menu":"0","ocean_custom_header_template":"0","ocean_custom_logo":0,"ocean_custom_retina_logo":0,"ocean_custom_logo_max_width":0,"ocean_custom_logo_tablet_max_width":0,"ocean_custom_logo_mobile_max_width":0,"ocean_custom_logo_max_height":0,"ocean_custom_logo_tablet_max_height":0,"ocean_custom_logo_mobile_max_height":0,"ocean_header_custom_menu":"0","ocean_menu_typo_font_family":"0","ocean_menu_typo_font_subset":"","ocean_menu_typo_font_size":0,"ocean_menu_typo_font_size_tablet":0,"ocean_menu_typo_font_size_mobile":0,"ocean_menu_typo_font_size_unit":"px","ocean_menu_typo_font_weight":"","ocean_menu_typo_font_weight_tablet":"","ocean_menu_typo_font_weight_mobile":"","ocean_menu_typo_transform":"","ocean_menu_typo_transform_tablet":"","ocean_menu_typo_transform_mobile":"","ocean_menu_typo_line_height":0,"ocean_menu_typo_line_height_tablet":0,"ocean_menu_typo_line_height_mobile":0,"ocean_menu_typo_line_height_unit":"","ocean_menu_typo_spacing":0,"ocean_menu_typo_spacing_tablet":0,"ocean_menu_typo_spacing_mobile":0,"ocean_menu_typo_spacing_unit":"","ocean_menu_link_color":"","ocean_menu_link_color_hover":"","ocean_menu_link_color_active":"","ocean_menu_link_background":"","ocean_menu_link_hover_background":"","ocean_menu_link_active_background":"","ocean_menu_social_links_bg":"","ocean_menu_social_hover_links_bg":"","ocean_menu_social_links_color":"","ocean_menu_social_hover_links_color":"","ocean_disable_title":"on","ocean_disable_heading":"default","ocean_post_title":"","ocean_post_subheading":"","ocean_post_title_style":"","ocean_post_title_background_color":"","ocean_post_title_background":0,"ocean_post_title_bg_image_position":"","ocean_post_title_bg_image_attachment":"","ocean_post_title_bg_image_repeat":"","ocean_post_title_bg_image_size":"","ocean_post_title_height":0,"ocean_post_title_bg_overlay":0.5,"ocean_post_title_bg_overlay_color":"","ocean_disable_breadcrumbs":"default","ocean_breadcrumbs_color":"","ocean_breadcrumbs_separator_color":"","ocean_breadcrumbs_links_color":"","ocean_breadcrumbs_links_hover_color":"","ocean_display_footer_widgets":"off","ocean_display_footer_bottom":"off","ocean_custom_footer_template":"0","footnotes":""},"coauthors":[],"_links":{"self":[{"href":"https:\/\/meim.digilab.uniroma1.it\/es\/wp-json\/wp\/v2\/pages\/56"}],"collection":[{"href":"https:\/\/meim.digilab.uniroma1.it\/es\/wp-json\/wp\/v2\/pages"}],"about":[{"href":"https:\/\/meim.digilab.uniroma1.it\/es\/wp-json\/wp\/v2\/types\/page"}],"author":[{"embeddable":true,"href":"https:\/\/meim.digilab.uniroma1.it\/es\/wp-json\/wp\/v2\/users\/2"}],"replies":[{"embeddable":true,"href":"https:\/\/meim.digilab.uniroma1.it\/es\/wp-json\/wp\/v2\/comments?post=56"}],"version-history":[{"count":40,"href":"https:\/\/meim.digilab.uniroma1.it\/es\/wp-json\/wp\/v2\/pages\/56\/revisions"}],"predecessor-version":[{"id":2942,"href":"https:\/\/meim.digilab.uniroma1.it\/es\/wp-json\/wp\/v2\/pages\/56\/revisions\/2942"}],"wp:attachment":[{"href":"https:\/\/meim.digilab.uniroma1.it\/es\/wp-json\/wp\/v2\/media?parent=56"}],"wp:term":[{"taxonomy":"author","embeddable":true,"href":"https:\/\/meim.digilab.uniroma1.it\/es\/wp-json\/wp\/v2\/coauthors?post=56"}],"curies":[{"name":"wp","href":"https:\/\/api.w.org\/{rel}","templated":true}]}}